{"id":5786,"date":"2023-11-07T21:05:56","date_gmt":"2023-11-08T00:05:56","guid":{"rendered":"https:\/\/sinasefepa.org.br\/site\/?page_id=5786"},"modified":"2025-08-27T12:03:06","modified_gmt":"2025-08-27T15:03:06","slug":"diretores-de-base","status":"publish","type":"page","link":"https:\/\/sinasefepa.org.br\/site\/diretores-de-base\/","title":{"rendered":"Diretores de Base"},"content":{"rendered":"\t\t<div data-elementor-type=\"wp-page\" data-elementor-id=\"5786\" class=\"elementor elementor-5786\" data-elementor-post-type=\"page\">\n\t\t\t\t\t\t<section class=\"elementor-section elementor-top-section elementor-element elementor-element-c2f1651 elementor-section-boxed elementor-section-height-default elementor-section-height-default\" data-id=\"c2f1651\" data-element_type=\"section\">\n\t\t\t\t\t\t<div class=\"elementor-container elementor-column-gap-default\">\n\t\t\t\t\t<div class=\"elementor-column elementor-col-100 elementor-top-column elementor-element elementor-element-5f2faef\" data-id=\"5f2faef\" data-element_type=\"column\">\n\t\t\t<div class=\"elementor-widget-wrap elementor-element-populated\">\n\t\t\t\t\t\t<div class=\"elementor-element elementor-element-4e829a8 elementor-widget elementor-widget-text-editor\" data-id=\"4e829a8\" data-element_type=\"widget\" data-widget_type=\"text-editor.default\">\n\t\t\t\t<div class=\"elementor-widget-container\">\n\t\t\t\t\t\t\t\t\t<p><strong>ABAETETUBA<\/strong><\/p>\n<p>Elzeni Oliveira da Silva (Docente)<\/p>\n<p>Ana Paula Oliveira Roman (TAE)<\/p>\n<p><strong>ALTAMIRA<\/strong><\/p>\n<p>Maur\u00edcio Neubson Medeiros Gon\u00e7alves (TAE) e Maria Luciana Sousa Penha (TAE suplente)<\/p>\n<p><strong>ANANINDEUA<\/strong><\/p>\n<p>N\u00e3o tem Diretoria de Base eleita<\/p>\n<p><strong>BEL\u00c9M<\/strong><\/p>\n<p>Sady Salom\u00e3o da Silva Alves (Docente)<\/p>\n<p>Rosinaldo Fonseca da Silveira (TAE)<\/p>\n<p><strong>BRAGAN\u00c7A<\/strong><\/p>\n<p>Ant\u00f4nio Vinicius Silva da Costa (TAE)<\/p>\n<p><strong>BREVES<\/strong><\/p>\n<p>Larissa Leal Neves (Docente) e Claudiane da Silva Ladislau (Docente suplente)<\/p>\n<p><strong>CAMET\u00c1<\/strong><\/p>\n<p>Silvana Benassuly Mau\u00e9s de Medeiros (Docente)<\/p>\n<p>Solange da Cruz Alves (TAE)<\/p>\n<p><strong>CASTANHAL<\/strong><\/p>\n<p>Ac\u00e1cio Tarciso Moreira de Melo (Docente)<\/p>\n<p>Jefferson Oliveira Lima (TAE)<\/p>\n<p><strong>CENTRO DE INSTRU\u00c7\u00c3O COMANDANTE BRAZ DE AGUIAR (CIABA)<\/strong><\/p>\n<p>N\u00e3o tem Diretoria de Base eleita<\/p>\n<p><strong>CONCEI\u00c7\u00c3O DO ARAGUAIA<\/strong><\/p>\n<p>Robson de Souza Silva (TAE)<\/p>\n<p><strong>COL\u00c9GIO TENENTE R\u00caGO BARROS (CTRB)<\/strong><\/p>\n<p>Iran Gadelha de Oliveira (Docente)<\/p>\n<p><strong>ITAITUBA<\/strong><\/p>\n<p>Wilverson Rodrigo Silva de Melo (Docente)<\/p>\n<p><strong>MARAB\u00c1 INDUSTRIAL<\/strong><\/p>\n<p>Marcelo Melo dos Santos (Docente)<\/p>\n<p>Maria Nildes Batista da Silva (TAE)<\/p>\n<p><strong>MARAB\u00c1 RURAL<\/strong><\/p>\n<p>Andreia do Nascimento Lima (TAE)<\/p>\n<p><strong>\u00d3BIDOS<\/strong><\/p>\n<p>N\u00e3o tem Diretoria de Base eleita<\/p>\n<p><strong>PARAGOMINAS<\/strong><\/p>\n<p>N\u00e3o tem Diretoria de Base eleita<\/p>\n<p><strong>PARAUAPEBAS<\/strong><\/p>\n<p>N\u00e3o tem Diretoria de Base eleita<\/p>\n<p><strong>REITORIA<\/strong><\/p>\n<p>N\u00e3o tem Diretoria de Base eleita<\/p>\n<p><strong>SANTAR\u00c9M<\/strong><\/p>\n<p>Jo\u00e3o Vitor Rodrigues Alencar (Docente) e Val\u00e9ria Lopes Pe\u00e7anha (Docente suplente)<\/p>\n<p>Cristina do Socorro Ribeiro da Costa (TAE) e Augusto C\u00e9sar Falc\u00e3o (TAE suplente)<\/p>\n<p><strong>TUCURU\u00cd<\/strong><\/p>\n<p>N\u00e3o tem Diretoria de Base eleita<\/p>\n<p><strong>VIGIA<\/strong><\/p>\n<p>N\u00e3o tem Diretoria de Base eleita<\/p>\t\t\t\t\t\t\t\t<\/div>\n\t\t\t\t<\/div>\n\t\t\t\t\t<\/div>\n\t\t<\/div>\n\t\t\t\t\t<\/div>\n\t\t<\/section>\n\t\t\t\t<\/div>\n\t\t","protected":false},"excerpt":{"rendered":"<p>ABAETETUBA Elzeni Oliveira da Silva (Docente) Ana Paula Oliveira Roman (TAE) ALTAMIRA Maur\u00edcio Neubson Medeiros Gon\u00e7alves (TAE) e Maria Luciana Sousa Penha (TAE suplente) ANANINDEUA N\u00e3o tem Diretoria de Base eleita BEL\u00c9M Sady Salom\u00e3o da Silva Alves (Docente) Rosinaldo Fonseca da Silveira (TAE) BRAGAN\u00c7A Ant\u00f4nio Vinicius Silva da Costa (TAE) BREVES Larissa Leal Neves (Docente) [&hellip;]<\/p>\n","protected":false},"author":3,"featured_media":0,"parent":0,"menu_order":0,"comment_status":"closed","ping_status":"closed","template":"","meta":{"footnotes":""},"class_list":["post-5786","page","type-page","status-publish","hentry"],"_links":{"self":[{"href":"https:\/\/sinasefepa.org.br\/site\/wp-json\/wp\/v2\/pages\/5786","targetHints":{"allow":["GET"]}}],"collection":[{"href":"https:\/\/sinasefepa.org.br\/site\/wp-json\/wp\/v2\/pages"}],"about":[{"href":"https:\/\/sinasefepa.org.br\/site\/wp-json\/wp\/v2\/types\/page"}],"author":[{"embeddable":true,"href":"https:\/\/sinasefepa.org.br\/site\/wp-json\/wp\/v2\/users\/3"}],"replies":[{"embeddable":true,"href":"https:\/\/sinasefepa.org.br\/site\/wp-json\/wp\/v2\/comments?post=5786"}],"version-history":[{"count":49,"href":"https:\/\/sinasefepa.org.br\/site\/wp-json\/wp\/v2\/pages\/5786\/revisions"}],"predecessor-version":[{"id":62316,"href":"https:\/\/sinasefepa.org.br\/site\/wp-json\/wp\/v2\/pages\/5786\/revisions\/62316"}],"wp:attachment":[{"href":"https:\/\/sinasefepa.org.br\/site\/wp-json\/wp\/v2\/media?parent=5786"}],"curies":[{"name":"wp","href":"https:\/\/api.w.org\/{rel}","templated":true}]}}